{"id":21,"date":"2014-06-03T11:06:10","date_gmt":"2014-06-03T09:06:10","guid":{"rendered":"http:\/\/www.hywa-online.de\/?page_id=21"},"modified":"2025-01-23T10:36:19","modified_gmt":"2025-01-23T09:36:19","slug":"hydrologie-und-wasserbewirtschaftung","status":"publish","type":"page","link":"https:\/\/www.hywa-online.de\/","title":{"rendered":"Zeitschrift &#8222;Hydrologie und Wasserbewirtschaftung, HyWa&#8220;"},"content":{"rendered":"<div class=\"article_column column1 cols1\">\n<p>Die Zeitschrift &#8222;Hydrologie und Wasserbewirtschaftung, HyWa&#8220; ist eine deutschsprachige, ISI-gelistete Fachzeitschrift, welche Themen zur Hydrologie und Wasserwirtschaft sowie \u00f6kologische Fragestellungen an Gew\u00e4ssern umfassend behandelt. Die Zeitschrift HyWa bietet eine Plattform zur Ver\u00f6ffentlichung von Fachbeitr\u00e4gen, aber auch f\u00fcr Projektberichte zu aktuellen Entwicklungen aus Wissenschaft und operationeller Anwendung.<\/p>\n<p>Die Homepage der Zeitschrift HyWa beinhaltet Artikel, die seit dem Jahr 1999 unmittelbar mit Erscheinen der Zeitschrift kostenlos und ohne Einschr\u00e4nkungen auf der HyWa-Homepage als pdf-Datei weltweit zug\u00e4nglich und nachnutzbar sind (Open-Access-Zeitschrift, CC BY 4.0 International). Seit Januar 2022 ist die HyWa auch im Directory of Open Access Journals (DOAJ) zu finden.<\/p>\n<\/div>\n<p>Die erschienenen Ausgaben der HyWa werden bei der Deutschen Nationalbibliothek sowie bei der Gew\u00e4sserkundlichen Zentralbibliothek\/Bundesanstalt f\u00fcr Gew\u00e4sserkunde archiviert.<\/p>\n<div class=\"article_column column1 cols1\">\n<p>Das Spektrum der Fachartikel entstammt aus den folgenden Themenbereichen:<\/p>\n<ul>\n<li>Hydrologische Prozesse und Kreislaufgeschehen<\/li>\n<li>Bewirtschaftung der Wasservorkommen<\/li>\n<li>Wasser- und Stofffl\u00fcsse, Gew\u00e4sserschutz<\/li>\n<li>\u00d6kologische Studien und Bewertungen<\/li>\n<li>Limnologische Untersuchungen<\/li>\n<li>Entwicklung von Binnen- und K\u00fcstengew\u00e4ssern sowie Grund- und Bodenwasser.<\/li>\n<\/ul>\n<p>Zur Ver\u00f6ffentlichung werden nur fachlich fundierte, origin\u00e4re Artikel zu aktuellen Themen zugelassen. Kosten f\u00fcr die Autoren entstehen hierbei nicht. Ein Redaktionsausschuss sowie assoziierte Editoren, bestehend aus Hochschulvertretern sowie Fachleuten aus Bundes- und Landeseinrichtungen gew\u00e4hrleisten, dass nur qualitativ hochwertige Fachbeitr\u00e4ge ver\u00f6ffentlicht werden (Blind Peer Review).<\/p>\n<p>Die HyWa enth\u00e4lt au\u00dferdem einen nachrichtlichen Teil, der \u00fcber aktuelle Projekte und Studien aus Forschung und Praxis sowie \u00fcber neue Publikationen informiert. Desweiteren werden Projektberichte zu wasserwirtschaftlichen Bearbeitungen sowie Fachveranstaltungen und Workshops herausgegeben.<\/p>\n<p>Aus der Ver\u00f6ffentlichung der neuen Kolumne \u201eInterview\u201c ist im Jahr 2022 der wissenschaftliche Podcast \u201eWasserGespr\u00e4che\u201c hervorgegangen, der \u00fcber Spotify sowie Apple erreichbar ist und auch auf den Webseiten der BfG und der HyWa aufgerufen werden kann.<\/p>\n<p>&nbsp;<\/p>\n<\/div>\n","protected":false},"excerpt":{"rendered":"<p>Die Zeitschrift &#8222;Hydrologie und Wasserbewirtschaftung, HyWa&#8220; ist eine deutschsprachige, ISI-gelistete Fachzeitschrift, welche Themen zur Hydrologie und Wasserwirtschaft sowie \u00f6kologische Fragestellungen an Gew\u00e4ssern umfassend behandelt. Die Zeitschrift HyWa bietet eine Plattform zur Ver\u00f6ffentlichung von Fachbeitr\u00e4gen, aber auch f\u00fcr Projektberichte zu aktuellen Entwicklungen aus Wissenschaft und operationeller Anwendung. Die Homepage der Zeitschrift HyWa beinhaltet Artikel, die seit [&hellip;]<\/p>\n","protected":false},"author":20,"featured_media":0,"parent":0,"menu_order":1,"comment_status":"closed","ping_status":"closed","template":"page-templates\/front-page.php","meta":{"footnotes":""},"class_list":["post-21","page","type-page","status-publish","hentry"],"_links":{"self":[{"href":"https:\/\/www.hywa-online.de\/wp-json\/wp\/v2\/pages\/21","targetHints":{"allow":["GET"]}}],"collection":[{"href":"https:\/\/www.hywa-online.de\/wp-json\/wp\/v2\/pages"}],"about":[{"href":"https:\/\/www.hywa-online.de\/wp-json\/wp\/v2\/types\/page"}],"author":[{"embeddable":true,"href":"https:\/\/www.hywa-online.de\/wp-json\/wp\/v2\/users\/20"}],"replies":[{"embeddable":true,"href":"https:\/\/www.hywa-online.de\/wp-json\/wp\/v2\/comments?post=21"}],"version-history":[{"count":29,"href":"https:\/\/www.hywa-online.de\/wp-json\/wp\/v2\/pages\/21\/revisions"}],"predecessor-version":[{"id":6663,"href":"https:\/\/www.hywa-online.de\/wp-json\/wp\/v2\/pages\/21\/revisions\/6663"}],"wp:attachment":[{"href":"https:\/\/www.hywa-online.de\/wp-json\/wp\/v2\/media?parent=21"}],"curies":[{"name":"wp","href":"https:\/\/api.w.org\/{rel}","templated":true}]}}